{"id":48,"date":"2024-06-01T11:40:23","date_gmt":"2024-06-01T11:40:23","guid":{"rendered":"https:\/\/liko.foxthemes.me\/?page_id=48"},"modified":"2025-11-30T20:54:01","modified_gmt":"2025-11-30T20:54:01","slug":"servicios-agencia-digital","status":"publish","type":"page","link":"https:\/\/berioncompany.com\/en\/servicios-agencia-digital\/","title":{"rendered":"Servicios"},"content":{"rendered":"<div data-elementor-type=\"wp-page\" data-elementor-id=\"48\" class=\"elementor elementor-48\" data-elementor-post-type=\"page\">\n\t\t\t\t<div class=\"elementor-element elementor-element-205f171 e-con-full e-flex e-con e-parent\" data-id=\"205f171\" data-element_type=\"container\">\n\t\t<div class=\"elementor-element elementor-element-068e06f e-flex e-con-boxed e-con e-child\" data-id=\"068e06f\" data-element_type=\"container\">\n\t\t\t\t\t<div class=\"e-con-inner\">\n\t\t\t\t<div class=\"elementor-element elementor-element-58868f1 elementor-widget__width-initial elementor-widget-tablet__width-inherit elementor-widget elementor-widget-tp-page-title\" data-id=\"58868f1\" data-element_type=\"widget\" data-settings=\"{&quot;tp_anima_type&quot;:&quot;tp-char-animation&quot;}\" data-widget_type=\"tp-page-title.default\">\n\t\t\t\t<div class=\"elementor-widget-container\">\n\t\t\t\t\t\n\n<div class=\"tp-el-section\">\n    <div class=\"tm-hero-content\">\n            \n        <h2 class=\"tm-hero-title fs-220 tp-el-title tp-char-animation\">Our Services<\/h2>    <\/div>\n    \n            <p class=\"tm-hero-text tp_title_anim tp-el-desc\">\n            Accelerate your brand with effective digital strategies and the agency services your business truly needs. We design distinctive digital experiences that help you stand out online and lead your market.        <\/p>\n    <\/div>\n\n\t\t\t\t<\/div>\n\t\t\t\t<\/div>\n\t\t\t\t\t<\/div>\n\t\t\t\t<\/div>\n\t\t\t\t<\/div>\n\t\t<div class=\"elementor-element elementor-element-8073b9d e-con-full e-flex e-con e-parent\" data-id=\"8073b9d\" data-element_type=\"container\">\n\t\t<div class=\"elementor-element elementor-element-94a2e01 e-con-full e-flex e-con e-child\" data-id=\"94a2e01\" data-element_type=\"container\" data-settings=\"{&quot;background_background&quot;:&quot;classic&quot;}\">\n\t\t\t\t<div class=\"elementor-element elementor-element-a9f9d1b elementor-widget__width-auto elementor-absolute elementor-hidden-tablet elementor-hidden-mobile elementor-widget elementor-widget-image\" data-id=\"a9f9d1b\" data-element_type=\"widget\" data-settings=\"{&quot;_position&quot;:&quot;absolute&quot;}\" data-widget_type=\"image.default\">\n\t\t\t\t<div class=\"elementor-widget-container\">\n\t\t\t\t\t\t\t\t\t\t\t\t\t\t\t<img decoding=\"async\" width=\"139\" height=\"139\" src=\"https:\/\/berioncompany.com\/wp-content\/uploads\/2024\/06\/hero-shape-1.png\" class=\"attachment-large size-large wp-image-4786\" alt=\"\" \/>\t\t\t\t\t\t\t\t\t\t\t\t\t\t\t<\/div>\n\t\t\t\t<\/div>\n\t\t\t\t<div class=\"elementor-element elementor-element-d6161a4 elementor-widget elementor-widget-tp-animated-image\" data-id=\"d6161a4\" data-element_type=\"widget\" data-widget_type=\"tp-animated-image.default\">\n\t\t\t\t<div class=\"elementor-widget-container\">\n\t\t\t\t\t\n\n<div class=\"liko-animated-img overflow-hidden\">\n    <img decoding=\"async\" data-speed=\".7\" src=\"https:\/\/berioncompany.com\/wp-content\/uploads\/2025\/04\/aboutus.png\"\n        alt=\"http:\/\/Sobre%20Berion%20Company\">\n<\/div>\n\n\t\t\t\t<\/div>\n\t\t\t\t<\/div>\n\t\t\t\t<\/div>\n\t\t<div class=\"elementor-element elementor-element-e802ae9 e-con-full e-flex e-con e-child\" data-id=\"e802ae9\" data-element_type=\"container\" data-settings=\"{&quot;background_background&quot;:&quot;classic&quot;}\">\n\t\t<div class=\"elementor-element elementor-element-f8fab88 e-con-full e-flex e-con e-child\" data-id=\"f8fab88\" data-element_type=\"container\">\n\t\t<div class=\"elementor-element elementor-element-f8ef42a e-con-full e-flex e-con e-child\" data-id=\"f8ef42a\" data-element_type=\"container\">\n\t\t\t\t<div class=\"elementor-element elementor-element-f04ec2b elementor-widget__width-auto elementor-widget elementor-widget-html\" data-id=\"f04ec2b\" data-element_type=\"widget\" data-widget_type=\"html.default\">\n\t\t\t\t<div class=\"elementor-widget-container\">\n\t\t\t\t\t<span class=\"ab-inner-subtitle\">\n<svg width=\"12\" height=\"12\" viewbox=\"0 0 12 12\" fill=\"none\" xmlns=\"http:\/\/www.w3.org\/2000\/svg\">\n   <path fill-rule=\"evenodd\" clip-rule=\"evenodd\" d=\"M12 0C12 3.0432 9.53292 5.5102 6.48975 5.5102C6.48975 2.46701 8.95677 0 12 0Z\" fill=\"currentcolor\"><\/path>\n   <path fill-rule=\"evenodd\" clip-rule=\"evenodd\" d=\"M0.0231934 0.0231209C3.06639 0.0231209 5.5334 2.49015 5.5334 5.53333C2.4902 5.53333 0.0231934 3.0663 0.0231934 0.0231209Z\" fill=\"currentcolor\"><\/path>\n   <path fill-rule=\"evenodd\" clip-rule=\"evenodd\" d=\"M6.48975 6.4898C9.53294 6.4898 12 8.95682 12 12C8.95675 12 6.48975 9.53297 6.48975 6.4898Z\" fill=\"currentcolor\"><\/path>\n   <path fill-rule=\"evenodd\" clip-rule=\"evenodd\" d=\"M5.5102 6.48981C5.5102 9.533 3.04318 12 0 12C0 8.95681 2.46703 6.48981 5.5102 6.48981Z\" fill=\"currentcolor\"><\/path>\n<\/svg>\n<\/span>\t\t\t\t<\/div>\n\t\t\t\t<\/div>\n\t\t\t\t<div class=\"elementor-element elementor-element-a792b95 elementor-widget elementor-widget-heading\" data-id=\"a792b95\" data-element_type=\"widget\" data-widget_type=\"heading.default\">\n\t\t\t\t<div class=\"elementor-widget-container\">\n\t\t\t\t\t<h2 class=\"elementor-heading-title elementor-size-default\">Participaci\u00f3n<\/h2>\t\t\t\t<\/div>\n\t\t\t\t<\/div>\n\t\t\t\t<\/div>\n\t\t<div class=\"elementor-element elementor-element-eb4def7 e-con-full e-flex e-con e-child\" data-id=\"eb4def7\" data-element_type=\"container\">\n\t\t\t\t<div class=\"elementor-element elementor-element-23d0b46 elementor-widget__width-initial elementor-widget elementor-widget-tp-animated-text\" data-id=\"23d0b46\" data-element_type=\"widget\" data-widget_type=\"tp-animated-text.default\">\n\t\t\t\t<div class=\"elementor-widget-container\">\n\t\t\t\t\t\n\n\n<h2 class=\"liko-animated-text-widget tp-el-animation-heading tp-section-title-span-padding\">Our team has led high-impact projects, delivering digital agency services that turn strategy into measurable, multi-million-dollar growth.<\/h2>\n\t\t\t\t<\/div>\n\t\t\t\t<\/div>\n\t\t\t\t<\/div>\n\t\t\t\t<\/div>\n\t\t\t\t<\/div>\n\t\t\t\t<\/div>\n\t\t<div class=\"elementor-element elementor-element-642d566 e-flex e-con-boxed e-con e-parent\" data-id=\"642d566\" data-element_type=\"container\">\n\t\t\t\t\t<div class=\"e-con-inner\">\n\t\t<div class=\"elementor-element elementor-element-e7ab4a0 e-grid e-con-full e-con e-child\" data-id=\"e7ab4a0\" data-element_type=\"container\">\n\t\t<div class=\"elementor-element elementor-element-aaf6c43 e-con-full e-flex e-con e-child\" data-id=\"aaf6c43\" data-element_type=\"container\">\n\t\t\t\t<div class=\"elementor-element elementor-element-cbce76c elementor-widget elementor-widget-tp-team-box\" data-id=\"cbce76c\" data-element_type=\"widget\" data-widget_type=\"tp-team-box.default\">\n\t\t\t\t<div class=\"elementor-widget-container\">\n\t\t\t\t\t\n\n<div class=\"tp-team-item tp-hover-btn-wrapper fix liko-team-item\">\n    <div class=\"tp-hover-btn-item\">\n        <img decoding=\"async\" src=\"https:\/\/berioncompany.com\/wp-content\/uploads\/2025\/05\/social_web.jpg\"\n            alt=\"People holding illustrated speech bubbles with icons representing content sharing and media, symbolizing social media interaction and engagement.\">\n    <\/div>\n    <div class=\"tp-team-content\">\n                                        <h4 class=\"tp-team-title-sm\">\n            <a\n                href=\"https:\/\/berioncompany.com\/en\/services\/social-media-management\/\" target=\"\" rel=\"\">Social Media Management<\/a>\n        <\/h4>\n                    <\/div>\n<\/div>\n\n\n \n\n<!-- modal content -->\n\n\n\t\t\t\t<\/div>\n\t\t\t\t<\/div>\n\t\t\t\t<\/div>\n\t\t<div class=\"elementor-element elementor-element-97e748a e-con-full e-flex e-con e-child\" data-id=\"97e748a\" data-element_type=\"container\">\n\t\t\t\t<div class=\"elementor-element elementor-element-eae3fff elementor-widget elementor-widget-tp-team-box\" data-id=\"eae3fff\" data-element_type=\"widget\" data-widget_type=\"tp-team-box.default\">\n\t\t\t\t<div class=\"elementor-widget-container\">\n\t\t\t\t\t\n\n<div class=\"tp-team-item tp-hover-btn-wrapper fix liko-team-item\">\n    <div class=\"tp-hover-btn-item\">\n        <img decoding=\"async\" src=\"https:\/\/berioncompany.com\/wp-content\/uploads\/2025\/05\/Website.jpg\"\n            alt=\"Desktop computer, tablet, and smartphone displaying responsive website mockups, representing modern web development across all devices.\">\n    <\/div>\n    <div class=\"tp-team-content\">\n                                        <h4 class=\"tp-team-title-sm\">\n            <a\n                href=\"https:\/\/berioncompany.com\/en\/services\/professional-website-development\/\" target=\"\" rel=\"\">Website Development<\/a>\n        <\/h4>\n                    <\/div>\n<\/div>\n\n\n \n\n<!-- modal content -->\n\n\n\t\t\t\t<\/div>\n\t\t\t\t<\/div>\n\t\t\t\t<\/div>\n\t\t<div class=\"elementor-element elementor-element-74ba124 e-con-full e-flex e-con e-child\" data-id=\"74ba124\" data-element_type=\"container\">\n\t\t\t\t<div class=\"elementor-element elementor-element-bd2eb5c elementor-widget elementor-widget-tp-team-box\" data-id=\"bd2eb5c\" data-element_type=\"widget\" data-widget_type=\"tp-team-box.default\">\n\t\t\t\t<div class=\"elementor-widget-container\">\n\t\t\t\t\t\n\n<div class=\"tp-team-item tp-hover-btn-wrapper fix liko-team-item\">\n    <div class=\"tp-hover-btn-item\">\n        <img decoding=\"async\" src=\"https:\/\/berioncompany.com\/wp-content\/uploads\/2025\/05\/UX.jpg\"\n            alt=\"Team members pointing at colorful UX\/UI sketches and wireframes on a table during a collaborative product design session.\">\n    <\/div>\n    <div class=\"tp-team-content\">\n                                        <h4 class=\"tp-team-title-sm\">\n            <a\n                href=\"https:\/\/berioncompany.com\/en\/services\/product-design\/\" target=\"\" rel=\"\">Product Design<\/a>\n        <\/h4>\n                    <\/div>\n<\/div>\n\n\n \n\n<!-- modal content -->\n\n\n\t\t\t\t<\/div>\n\t\t\t\t<\/div>\n\t\t\t\t<\/div>\n\t\t<div class=\"elementor-element elementor-element-bfe78a6 e-con-full e-flex e-con e-child\" data-id=\"bfe78a6\" data-element_type=\"container\">\n\t\t\t\t<div class=\"elementor-element elementor-element-505a2b4 elementor-widget elementor-widget-tp-team-box\" data-id=\"505a2b4\" data-element_type=\"widget\" data-widget_type=\"tp-team-box.default\">\n\t\t\t\t<div class=\"elementor-widget-container\">\n\t\t\t\t\t\n\n<div class=\"tp-team-item tp-hover-btn-wrapper fix liko-team-item\">\n    <div class=\"tp-hover-btn-item\">\n        <img decoding=\"async\" src=\"https:\/\/berioncompany.com\/wp-content\/uploads\/2025\/05\/ralph_lauren_side.jpg\"\n            alt=\"Laptop screen displaying colorful code in a text editor during the custom development of a web application.\">\n    <\/div>\n    <div class=\"tp-team-content\">\n                                        <h4 class=\"tp-team-title-sm\">\n            <a\n                href=\"https:\/\/berioncompany.com\/en\/services\/custom-development\/\" target=\"\" rel=\"\">Custom Development<\/a>\n        <\/h4>\n                    <\/div>\n<\/div>\n\n\n \n\n<!-- modal content -->\n\n\n\t\t\t\t<\/div>\n\t\t\t\t<\/div>\n\t\t\t\t<\/div>\n\t\t<div class=\"elementor-element elementor-element-479f53d e-con-full e-flex e-con e-child\" data-id=\"479f53d\" data-element_type=\"container\">\n\t\t\t\t<div class=\"elementor-element elementor-element-2da5e48 elementor-widget elementor-widget-tp-team-box\" data-id=\"2da5e48\" data-element_type=\"widget\" data-widget_type=\"tp-team-box.default\">\n\t\t\t\t<div class=\"elementor-widget-container\">\n\t\t\t\t\t\n\n<div class=\"tp-team-item tp-hover-btn-wrapper fix liko-team-item\">\n    <div class=\"tp-hover-btn-item\">\n        <img decoding=\"async\" src=\"https:\/\/berioncompany.com\/wp-content\/uploads\/2025\/05\/sd.jpg\"\n            alt=\"Im\u00e1n atrayendo bloques de madera con \u00edconos de personas sobre fondo azul, simbolizando la generaci\u00f3n de leads.\">\n    <\/div>\n    <div class=\"tp-team-content\">\n                                        <h4 class=\"tp-team-title-sm\">\n            <a\n                href=\"https:\/\/berioncompany.com\/en\/services\/lead-generation\/\" target=\"\" rel=\"\">Lead Generation<\/a>\n        <\/h4>\n                    <\/div>\n<\/div>\n\n\n \n\n<!-- modal content -->\n\n\n\t\t\t\t<\/div>\n\t\t\t\t<\/div>\n\t\t\t\t<\/div>\n\t\t\t\t<\/div>\n\t\t\t\t\t<\/div>\n\t\t\t\t<\/div>\n\t\t<div class=\"elementor-element elementor-element-de520d9 e-flex e-con-boxed e-con e-parent\" data-id=\"de520d9\" data-element_type=\"container\" data-settings=\"{&quot;background_background&quot;:&quot;classic&quot;}\">\n\t\t\t\t\t<div class=\"e-con-inner\">\n\t\t<div class=\"elementor-element elementor-element-35d3d71 e-con-full e-flex e-con e-child\" data-id=\"35d3d71\" data-element_type=\"container\">\n\t\t\t\t<div class=\"elementor-element elementor-element-2bf0255 elementor-absolute elementor-widget elementor-widget-tp-shape\" data-id=\"2bf0255\" data-element_type=\"widget\" data-settings=\"{&quot;_position&quot;:&quot;absolute&quot;}\" data-widget_type=\"tp-shape.default\">\n\t\t\t\t<div class=\"elementor-widget-container\">\n\t\t\t\t\t\n\n<div class=\"tp-image-filter tp-shape d-inline-block tp-animation-rotate\">\n    <img decoding=\"async\" src=\"https:\/\/berioncompany.com\/wp-content\/uploads\/2024\/06\/cta-1.png\" alt=\"\">\n<\/div>\n\n\t\t\t\t<\/div>\n\t\t\t\t<\/div>\n\t\t\t\t<div class=\"elementor-element elementor-element-55be111 elementor-widget elementor-widget-tp-animated-heading\" data-id=\"55be111\" data-element_type=\"widget\" data-widget_type=\"tp-animated-heading.default\">\n\t\t\t\t<div class=\"elementor-widget-container\">\n\t\t\t\t\t<h4 class=\"tp-cta-title cta-text tp-el-text\" data-colors=\"#FFB55E,#F25164,#7F00D7,#EC38BC,#F25164\" data-text-color=\"#FFF\">Let\u2019s talk <span> about it<\/span><\/h4>\n\t\t\t\t<\/div>\n\t\t\t\t<\/div>\n\t\t\t\t<div class=\"elementor-element elementor-element-ae4eef7 elementor-absolute elementor-widget elementor-widget-tp-button\" data-id=\"ae4eef7\" data-element_type=\"widget\" data-settings=\"{&quot;_position&quot;:&quot;absolute&quot;}\" data-widget_type=\"tp-button.default\">\n\t\t\t\t<div class=\"elementor-widget-container\">\n\t\t\t\t\t\n\n<a href=\"https:\/\/berioncompany.com\/en\/contact\/\" target=\"_self\" rel=\"nofollow\" class=\"tp-btn-zikzak zikzak-inner p-relative tp-el-btn-link tp-el-btn\">\n    <span class=\"zikzak-content tp-btn-svg-title tp-btn-svg_btn-icon\">\n        Contact<br> Us        <svg width=\"17\" height=\"17\" viewbox=\"0 0 17 17\" fill=\"none\" xmlns=\"http:\/\/www.w3.org\/2000\/svg\">\n            <path\n                d=\"M16.2434 8.16465C16.3866 8.31677 16.4668 8.52224 16.4668 8.73637C16.4668 8.9505 16.3866 9.15597 16.2434 9.30811L9.38818 16.53C9.24196 16.6773 9.04774 16.7599 8.84546 16.7607C8.74439 16.7602 8.64426 16.7399 8.55031 16.7005C8.41169 16.6392 8.2934 16.5359 8.21038 16.4038C8.12736 16.2717 8.0833 16.1167 8.08378 15.9583V9.53881H1.22849C1.02648 9.53881 0.832739 9.45428 0.689893 9.30378C0.547047 9.15329 0.466797 8.9492 0.466797 8.73637C0.466797 8.52356 0.547047 8.31945 0.689893 8.16897C0.832739 8.01848 1.02648 7.93395 1.22849 7.93395H8.08378V1.51445C8.0833 1.35603 8.12736 1.20101 8.21038 1.06892C8.2934 0.936828 8.41169 0.833584 8.55031 0.772196C8.691 0.714385 8.84436 0.699718 8.99264 0.729895C9.14092 0.760071 9.27805 0.833857 9.38818 0.942715L16.2434 8.16465Z\"\n                fill=\"currentColor\" \/>\n        <\/svg>\n    <\/span>\n\t<span class=\"tp-btn-svg_background tp_btn_svg_btn_height tp_btn_svg_btn_width\">  \n\t\t<svg class=\"anim\" width=\"130\" height=\"130\" viewbox=\"0 0 130 130\" fill=\"none\" xmlns=\"http:\/\/www.w3.org\/2000\/svg\">\n\t\t\t<path\n\t\t\t\td=\"M58.6957 3.50452C61.9534 -0.481752 68.0466 -0.481752 71.3043 3.50452C74.073 6.89259 78.8543 7.84365 82.7089 5.77305C87.2441 3.33685 92.8735 5.66865 94.3577 10.5981C95.6191 14.7879 99.6725 17.4963 104.026 17.0583C109.148 16.5431 113.457 20.8517 112.942 25.9739C112.504 30.3275 115.212 34.3809 119.402 35.6423C124.331 37.1265 126.663 42.7559 124.227 47.2911C122.156 51.1456 123.107 55.927 126.495 58.6957C130.482 61.9534 130.482 68.0466 126.495 71.3043C123.107 74.073 122.156 78.8543 124.227 82.7089C126.663 87.2441 124.331 92.8735 119.402 94.3577C115.212 95.6191 112.504 99.6725 112.942 104.026C113.457 109.148 109.148 113.457 104.026 112.942C99.6725 112.504 95.6191 115.212 94.3577 119.402C92.8735 124.331 87.2441 126.663 82.7089 124.227C78.8543 122.156 74.073 123.107 71.3043 126.495C68.0466 130.482 61.9534 130.482 58.6957 126.495C55.927 123.107 51.1456 122.156 47.2911 124.227C42.7559 126.663 37.1265 124.331 35.6423 119.402C34.3809 115.212 30.3275 112.504 25.9739 112.942C20.8517 113.457 16.5431 109.148 17.0583 104.026C17.4963 99.6725 14.7879 95.6191 10.5981 94.3577C5.66864 92.8735 3.33685 87.2441 5.77305 82.7089C7.84365 78.8543 6.89259 74.073 3.50452 71.3043C-0.481752 68.0466 -0.481752 61.9534 3.50452 58.6957C6.89259 55.927 7.84365 51.1456 5.77305 47.2911C3.33685 42.7559 5.66865 37.1265 10.5981 35.6423C14.7879 34.3809 17.4963 30.3275 17.0583 25.9739C16.5431 20.8517 20.8517 16.5431 25.9739 17.0583C30.3275 17.4963 34.3809 14.7879 35.6423 10.5981C37.1265 5.66865 42.7559 3.33685 47.2911 5.77305C51.1456 7.84365 55.927 6.89259 58.6957 3.50452Z\"\n\t\t\t\tstroke=\"white\" stroke-opacity=\"0.12\" \/>\n\t\t<\/svg>\n\t<\/span>\n<\/a>\n\n\t\t\t\t<\/div>\n\t\t\t\t<\/div>\n\t\t\t\t<\/div>\n\t\t\t\t\t<\/div>\n\t\t\t\t<\/div>\n\t\t\t\t<\/div>","protected":false},"excerpt":{"rendered":"<p>Servicios de Berion Company Impulsa tu marca con estrategias digitales efectivas y los servicios de agencia digital que tu negocio realmente necesita. Dise\u00f1amos experiencias \u00fanicas para destacar online y dominar tu mercado. Participaci\u00f3n Nuestro equipo ha liderado proyectos de alto impacto, impulsando servicios de agencia digital que transforman estrategias en ganancias millonarias. Social Media Management [&hellip;]<\/p>","protected":false},"author":1,"featured_media":0,"parent":0,"menu_order":0,"comment_status":"closed","ping_status":"closed","template":"elementor_header_footer","meta":{"footnotes":""},"class_list":["post-48","page","type-page","status-publish","hentry"],"_links":{"self":[{"href":"https:\/\/berioncompany.com\/en\/wp-json\/wp\/v2\/pages\/48","targetHints":{"allow":["GET"]}}],"collection":[{"href":"https:\/\/berioncompany.com\/en\/wp-json\/wp\/v2\/pages"}],"about":[{"href":"https:\/\/berioncompany.com\/en\/wp-json\/wp\/v2\/types\/page"}],"author":[{"embeddable":true,"href":"https:\/\/berioncompany.com\/en\/wp-json\/wp\/v2\/users\/1"}],"replies":[{"embeddable":true,"href":"https:\/\/berioncompany.com\/en\/wp-json\/wp\/v2\/comments?post=48"}],"version-history":[{"count":180,"href":"https:\/\/berioncompany.com\/en\/wp-json\/wp\/v2\/pages\/48\/revisions"}],"predecessor-version":[{"id":16879,"href":"https:\/\/berioncompany.com\/en\/wp-json\/wp\/v2\/pages\/48\/revisions\/16879"}],"wp:attachment":[{"href":"https:\/\/berioncompany.com\/en\/wp-json\/wp\/v2\/media?parent=48"}],"curies":[{"name":"wp","href":"https:\/\/api.w.org\/{rel}","templated":true}]}}